{"id":11592,"date":"2025-09-23T12:16:40","date_gmt":"2025-09-23T12:16:40","guid":{"rendered":"https:\/\/eauchauffage.com\/?post_type=product&#038;p=11592"},"modified":"2025-09-27T09:54:38","modified_gmt":"2025-09-27T09:54:38","slug":"es8","status":"publish","type":"product","link":"https:\/\/eauchauffage.com\/ar\/product\/es8\/","title":{"rendered":"ES8"},"content":{"rendered":"<div data-elementor-type=\"wp-post\" data-elementor-id=\"11592\" class=\"elementor elementor-11592\">\n\t\t\t\t<div class=\"wd-negative-gap elementor-element elementor-element-395c680 e-flex e-con-boxed e-con e-parent\" data-id=\"395c680\" data-element_type=\"container\">\n\t\t\t\t\t<div class=\"e-con-inner\">\n\t\t<div class=\"elementor-element elementor-element-829b1a8 e-con-full e-flex e-con e-child\" data-id=\"829b1a8\" data-element_type=\"container\">\n\t\t\t\t<div class=\"elementor-element elementor-element-e8cd7f3 elementor-widget elementor-widget-wd_text_block\" data-id=\"e8cd7f3\" data-element_type=\"widget\" data-widget_type=\"wd_text_block.default\">\n\t\t\t\t<div class=\"elementor-widget-container\">\n\t\t\t\t\t\t\t<div class=\"wd-text-block reset-last-child text-left\">\n\t\t\t\n\t\t\t<p data-start=\"697\" data-end=\"971\">\u0625\u0646 <strong data-start=\"701\" data-end=\"742\">\u0633\u062e\u0627\u0646 \u0627\u0644\u0645\u064a\u0627\u0647 \u0627\u0644\u0643\u0647\u0631\u0628\u0627\u0626\u064a \u00c9coS\u00e9r\u00e9r\u00e9nit\u00e9 ES8<\/strong> \u0645\u0635\u0645\u0645\u0629 \u0644\u062a\u062d\u0642\u064a\u0642 \u0627\u0644\u0645\u0648\u062b\u0648\u0642\u064a\u0629 \u0648\u0627\u0644\u0645\u062a\u0627\u0646\u0629 \u0648\u0627\u0644\u0643\u0641\u0627\u0621\u0629. \u0628\u0633\u0639\u0627\u062a \u0643\u0628\u064a\u0631\u0629 \u062a\u062a\u0631\u0627\u0648\u062d \u0628\u064a\u0646 80 \u0648120 \u0644\u062a\u0631\u0627\u064b\u060c \u0648\u0647\u0648 \u062d\u0644 \u0645\u062b\u0627\u0644\u064a \u0644\u0644\u0645\u0646\u0627\u0632\u0644 \u0648\u0627\u0644\u0645\u0631\u0627\u0641\u0642 \u0627\u0644\u062e\u062f\u0645\u064a\u0629 \u0627\u0644\u062a\u064a \u062a\u062a\u0637\u0644\u0628 \u0625\u0645\u062f\u0627\u062f\u0627\u062a \u062b\u0627\u0628\u062a\u0629 \u0648\u0645\u0633\u062a\u0645\u0631\u0629 \u0645\u0646 \u0627\u0644\u0645\u0627\u0621 \u0627\u0644\u0633\u0627\u062e\u0646.<\/p><h4 data-start=\"973\" data-end=\"991\"><strong data-start=\"977\" data-end=\"989\">\u0627\u0644\u0645\u064a\u0632\u0627\u062a:<\/strong><\/h4><ul data-start=\"992\" data-end=\"1535\"><li data-start=\"992\" data-end=\"1076\"><p data-start=\"994\" data-end=\"1076\"><strong data-start=\"994\" data-end=\"1022\">\u062e\u0632\u0627\u0646 \u062f\u0627\u062e\u0644\u064a \u0645\u0637\u0644\u064a \u0628\u0627\u0644\u0645\u064a\u0646\u0627<\/strong> \u064a\u0636\u0645\u0646 \u0627\u0644\u0646\u0638\u0627\u0641\u0629 \u0627\u0644\u0635\u062d\u064a\u0629 \u0648\u0645\u0642\u0627\u0648\u0645\u0629 \u0627\u0644\u062a\u0622\u0643\u0644 \u0639\u0644\u0649 \u0627\u0644\u0645\u062f\u0649 \u0627\u0644\u0637\u0648\u064a\u0644.<\/p><\/li><li data-start=\"1077\" data-end=\"1166\"><p data-start=\"1079\" data-end=\"1166\"><strong data-start=\"1079\" data-end=\"1098\">\u0623\u0646\u0648\u062f \u0627\u0644\u0645\u063a\u0646\u064a\u0633\u064a\u0648\u0645<\/strong> \u0644\u062d\u0645\u0627\u064a\u0629 \u0625\u0636\u0627\u0641\u064a\u0629 \u0636\u062f \u0627\u0644\u0635\u062f\u0623\u060c \u0645\u0645\u0627 \u064a\u0637\u064a\u0644 \u0645\u0646 \u0639\u0645\u0631 \u0627\u0644\u062e\u0632\u0627\u0646.<\/p><\/li><li data-start=\"1167\" data-end=\"1252\"><p data-start=\"1169\" data-end=\"1252\"><strong data-start=\"1169\" data-end=\"1202\">\u0639\u0627\u0632\u0644 \u0627\u0644\u0628\u0648\u0644\u064a \u064a\u0648\u0631\u064a\u062b\u064a\u0646 (PUF)<\/strong> \u064a\u0642\u0644\u0644 \u0645\u0646 \u0641\u0642\u062f\u0627\u0646 \u0627\u0644\u062d\u0631\u0627\u0631\u0629 \u0648\u064a\u062d\u0627\u0641\u0638 \u0639\u0644\u0649 \u0633\u062e\u0648\u0646\u0629 \u0627\u0644\u0645\u0627\u0621 \u0644\u0641\u062a\u0631\u0629 \u0623\u0637\u0648\u0644.<\/p><\/li><li data-start=\"1253\" data-end=\"1326\"><p data-start=\"1255\" data-end=\"1326\"><strong data-start=\"1255\" data-end=\"1295\">\u062a\u0631\u0645\u0648\u0633\u062a\u0627\u062a \u0639\u0627\u0644\u064a \u0627\u0644\u062f\u0642\u0629 \u062d\u062a\u0649 75 \u062f\u0631\u062c\u0629 \u0645\u0626\u0648\u064a\u0629<\/strong> \u0645\u0639 \u062d\u0645\u0627\u064a\u0629 \u0645\u0646 \u0627\u0644\u062d\u0631\u0627\u0631\u0629 \u0627\u0644\u0632\u0627\u0626\u062f\u0629.<\/p><\/li><li data-start=\"1327\" data-end=\"1398\"><p data-start=\"1329\" data-end=\"1398\"><strong data-start=\"1329\" data-end=\"1347\">\u0646\u0638\u0627\u0645 \u0627\u0644\u0623\u0645\u0627\u0646:<\/strong> \u0642\u0637\u0639 \u062d\u0631\u0627\u0631\u064a \u062a\u0644\u0642\u0627\u0626\u064a + \u062d\u0645\u0627\u064a\u0629 \u0645\u0646 \u0627\u0644\u062a\u0623\u0631\u064a\u0636.<\/p><\/li><li data-start=\"1399\" data-end=\"1471\"><p data-start=\"1401\" data-end=\"1471\"><strong data-start=\"1401\" data-end=\"1426\">\u062f\u0631\u062c\u0629 IPX4 \u0627\u0644\u0645\u0642\u0627\u0648\u0645\u0629 \u0644\u0644\u0645\u0627\u0621<\/strong> \u0644\u0644\u062a\u0631\u0643\u064a\u0628 \u0627\u0644\u0622\u0645\u0646 \u0641\u064a \u0627\u0644\u0628\u064a\u0626\u0627\u062a \u0627\u0644\u0631\u0637\u0628\u0629.<\/p><\/li><li data-start=\"1472\" data-end=\"1535\"><p data-start=\"1474\" data-end=\"1535\"><strong data-start=\"1474\" data-end=\"1509\">\u062e\u0632\u0627\u0646 \u0645\u0646 \u0627\u0644\u0641\u0648\u0644\u0627\u0630 \u0627\u0644\u0645\u0642\u0627\u0648\u0645 \u0644\u0644\u0635\u062f\u0623 SUS316\/304<\/strong> \u0644\u062a\u062d\u0642\u064a\u0642 \u0623\u0642\u0635\u0649 \u0642\u062f\u0631 \u0645\u0646 \u0627\u0644\u0645\u062a\u0627\u0646\u0629.<\/p><\/li><\/ul><h4 data-start=\"1537\" data-end=\"1564\"><strong data-start=\"1541\" data-end=\"1562\">\u0627\u0644\u062a\u0641\u0627\u0635\u064a\u0644 \u0627\u0644\u0641\u0646\u064a\u0629:<\/strong><\/h4><ul data-start=\"1565\" data-end=\"1911\"><li data-start=\"1565\" data-end=\"1606\"><p data-start=\"1567\" data-end=\"1606\"><strong data-start=\"1567\" data-end=\"1588\">\u062e\u064a\u0627\u0631\u0627\u062a \u0627\u0644\u0633\u0639\u0629:<\/strong> 80 \u0644\u062a\u0631\u060c 100 \u0644\u062a\u0631\u060c 120 \u0644\u062a\u0631<\/p><\/li><li data-start=\"1607\" data-end=\"1635\"><p data-start=\"1609\" data-end=\"1635\"><strong data-start=\"1609\" data-end=\"1627\">\u0637\u0627\u0642\u0629 \u0627\u0644\u062a\u062f\u0641\u0626\u0629:<\/strong> 1200W<\/p><\/li><li data-start=\"1636\" data-end=\"1661\"><p data-start=\"1638\" data-end=\"1661\"><strong data-start=\"1638\" data-end=\"1650\">\u0627\u0644\u0641\u0648\u0644\u062a\u064a\u0629:<\/strong> 220-240V<\/p><\/li><li data-start=\"1662\" data-end=\"1690\"><p data-start=\"1664\" data-end=\"1690\"><strong data-start=\"1664\" data-end=\"1678\">\u0627\u0644\u062a\u0631\u062f\u062f:<\/strong> 50 \u0647\u0631\u062a\u0632\/60 \u0647\u0631\u062a\u0632<\/p><\/li><li data-start=\"1691\" data-end=\"1726\"><p data-start=\"1693\" data-end=\"1726\"><strong data-start=\"1693\" data-end=\"1716\">\u0636\u063a\u0637 \u0627\u0644\u062a\u0634\u063a\u064a\u0644:<\/strong> 0.7 \u0645\u064a\u062c\u0627 \u0628\u0627\u0633\u0643\u0627\u0644<\/p><\/li><li data-start=\"1727\" data-end=\"1761\"><p data-start=\"1729\" data-end=\"1761\"><strong data-start=\"1729\" data-end=\"1751\">\u0646\u0637\u0627\u0642 \u062f\u0631\u062c\u0629 \u0627\u0644\u062d\u0631\u0627\u0631\u0629:<\/strong> 30-75\u00b0C<\/p><\/li><li data-start=\"1762\" data-end=\"1871\"><strong data-start=\"1874\" data-end=\"1885\">\u0627\u0644\u0648\u0632\u0646:<\/strong> \u0645\u0646 20.7 \u0643\u062c\u0645 \u0625\u0644\u0649 27.2 \u0643\u062c\u0645<\/li><\/ul><h4 data-start=\"1913\" data-end=\"1941\"><strong data-start=\"1917\" data-end=\"1939\">\u0627\u0644\u062a\u0637\u0628\u064a\u0642\u0627\u062a \u0627\u0644\u0645\u062b\u0627\u0644\u064a\u0629:<\/strong><\/h4><ul data-start=\"1942\" data-end=\"2063\"><li data-start=\"1942\" data-end=\"1976\"><p data-start=\"1944\" data-end=\"1976\">\u0627\u0644\u0645\u0646\u0627\u0632\u0644 (\u0627\u0644\u062d\u0645\u0627\u0645\u0627\u062a \u0648\u0627\u0644\u0645\u0637\u0627\u0628\u062e)<\/p><\/li><li data-start=\"1977\" data-end=\"2002\"><p data-start=\"1979\" data-end=\"2002\">\u0627\u0644\u0634\u0642\u0642 \u0648\u0627\u0644\u0641\u0644\u0644<\/p><\/li><li data-start=\"2003\" data-end=\"2029\"><p data-start=\"2005\" data-end=\"2029\">\u0627\u0644\u0641\u0646\u0627\u062f\u0642 \u0648\u0628\u064a\u0648\u062a \u0627\u0644\u0636\u064a\u0627\u0641\u0629<\/p><\/li><li data-start=\"2030\" data-end=\"2063\"><p data-start=\"2032\" data-end=\"2063\">\u0627\u0644\u0635\u0627\u0644\u0648\u0646\u0627\u062a \u0648\u0645\u0631\u0627\u0641\u0642 \u0627\u0644\u062e\u062f\u0645\u0627\u062a<\/p><\/li><\/ul>\n\t\t\t\t\t<\/div>\n\t\t\t\t\t\t<\/div>\n\t\t\t\t<\/div>\n\t\t\t\t<\/div>\n\t\t<div class=\"elementor-element elementor-element-ce7734e e-con-full e-flex e-con e-child\" data-id=\"ce7734e\" data-element_type=\"container\">\n\t\t\t\t<div class=\"elementor-element elementor-element-3045f04 elementor-widget elementor-widget-wd_image_or_svg\" data-id=\"3045f04\" data-element_type=\"widget\" data-widget_type=\"wd_image_or_svg.default\">\n\t\t\t\t<div class=\"elementor-widget-container\">\n\t\t\t\t\t\n\t\t<div class=\"wd-image text-center photoswipe-images\">\n\t\t\t\t\t\t\t<a  href=\"https:\/\/eauchauffage.com\/wp-content\/uploads\/2025\/09\/ES8-1.jpg\"data-width=\"594\" data-height=\"774\" data-elementor-open-lightbox=\"no\" aria-label=\"Image link\">\n\t\t\t\t\t\t\t\t<img fetchpriority=\"high\" decoding=\"async\" width=\"594\" height=\"774\" src=\"https:\/\/eauchauffage.com\/wp-content\/uploads\/2025\/09\/ES8-1.jpg\" class=\"attachment-full size-full\" alt=\"\" srcset=\"https:\/\/eauchauffage.com\/wp-content\/uploads\/2025\/09\/ES8-1.jpg 594w, https:\/\/eauchauffage.com\/wp-content\/uploads\/2025\/09\/ES8-1-230x300.jpg 230w, https:\/\/eauchauffage.com\/wp-content\/uploads\/2025\/09\/ES8-1-150x195.jpg 150w\" sizes=\"(max-width: 594px) 100vw, 594px\" \/>\t\t\t\t\t\t\t<\/a>\n\t\t\t\t\t<\/div>\n\n\t\t\t\t\t\t<\/div>\n\t\t\t\t<\/div>\n\t\t\t\t<\/div>\n\t\t\t\t\t<\/div>\n\t\t\t\t<\/div>\n\t\t\t\t<\/div>","protected":false},"excerpt":{"rendered":"<h4 data-start=\"509\" data-end=\"552\">\u0633\u062e\u0627\u0646 \u0627\u0644\u0645\u064a\u0627\u0647 \u0627\u0644\u0643\u0647\u0631\u0628\u0627\u0626\u064a \u00c9coS\u00e9r\u00e9r\u00e9nit\u00e9 ES8<\/h4>\n<ul data-start=\"148\" data-end=\"544\">\n<li data-start=\"148\" data-end=\"210\">\n<p data-start=\"150\" data-end=\"210\">\u0633\u062e\u0627\u0646 \u0645\u064a\u0627\u0647 \u0639\u0645\u0648\u062f\u064a \u0628\u0633\u0639\u0627\u062a \u0643\u0628\u064a\u0631\u0629 <strong data-start=\"194\" data-end=\"208\">80 \u0644\u062a\u0631 - 120 \u0644\u062a\u0631<\/strong><\/p>\n<\/li>\n<li data-start=\"211\" data-end=\"270\">\n<p data-start=\"213\" data-end=\"270\"><strong data-start=\"213\" data-end=\"236\">\u0637\u0627\u0642\u0629 \u062a\u062f\u0641\u0626\u0629 1200 \u0648\u0627\u0637<\/strong> \u0645\u0639 \u062a\u062d\u0643\u0645 \u062f\u0642\u064a\u0642 \u062d\u062a\u0649 75 \u062f\u0631\u062c\u0629 \u0645\u0626\u0648\u064a\u0629<\/p>\n<\/li>\n<li data-start=\"271\" data-end=\"333\">\n<p data-start=\"273\" data-end=\"333\"><strong data-start=\"273\" data-end=\"291\">\u0639\u0627\u0632\u0644 PUF<\/strong> \u062a\u062d\u0627\u0641\u0638 \u0639\u0644\u0649 \u0627\u0644\u0645\u064a\u0627\u0647 \u0633\u0627\u062e\u0646\u0629 \u0644\u0641\u062a\u0631\u0629 \u0623\u0637\u0648\u0644 \u0648\u062a\u0648\u0641\u0631 \u0627\u0644\u0637\u0627\u0642\u0629<\/p>\n<\/li>\n<li data-start=\"334\" data-end=\"412\">\n<p data-start=\"336\" data-end=\"412\"><strong data-start=\"336\" data-end=\"364\">\u062e\u0632\u0627\u0646 \u062f\u0627\u062e\u0644\u064a \u0645\u0637\u0644\u064a \u0628\u0627\u0644\u0645\u064a\u0646\u0627<\/strong> \u0645\u0639 \u0623\u0646\u0648\u062f \u0645\u063a\u0646\u064a\u0633\u064a\u0648\u0645 \u0644\u0644\u062d\u0645\u0627\u064a\u0629 \u0645\u0646 \u0627\u0644\u0635\u062f\u0623<\/p>\n<\/li>\n<li data-start=\"413\" data-end=\"492\">\n<p data-start=\"415\" data-end=\"492\"><strong data-start=\"415\" data-end=\"440\">\u0627\u0644\u0633\u0644\u0627\u0645\u0629 \u0627\u0644\u0634\u0627\u0645\u0644\u0629:<\/strong> \u062a\u0631\u0645\u0648\u0633\u062a\u0627\u062a + \u0642\u0627\u0637\u0639 \u062d\u0631\u0627\u0631\u064a + \u062d\u0645\u0627\u064a\u0629 \u0645\u0646 \u0627\u0644\u062a\u0633\u0631\u0628<\/p>\n<\/li>\n<li data-start=\"493\" data-end=\"544\">\n<p data-start=\"495\" data-end=\"544\"><strong data-start=\"495\" data-end=\"520\">\u062f\u0631\u062c\u0629 IPX4 \u0627\u0644\u0645\u0642\u0627\u0648\u0645\u0629 \u0644\u0644\u0645\u0627\u0621<\/strong> \u0644\u0644\u062a\u0631\u0643\u064a\u0628 \u0627\u0644\u0622\u0645\u0646<\/p>\n<\/li>\n<\/ul>\n<p data-start=\"546\" data-end=\"624\"><strong data-start=\"546\" data-end=\"622\">\u0645\u062b\u0627\u0644\u064a\u0629 \u0644\u0644\u0645\u0646\u0627\u0632\u0644 \u0648\u0627\u0644\u0634\u0642\u0642 \u0648\u0627\u0644\u0641\u0646\u0627\u062f\u0642 \u0648\u0627\u0644\u0645\u0646\u0634\u0622\u062a \u0627\u0644\u062a\u062c\u0627\u0631\u064a\u0629 \u0627\u0644\u0645\u062a\u0648\u0633\u0637\u0629.<\/strong><\/p>","protected":false},"featured_media":11593,"comment_status":"open","ping_status":"closed","template":"","meta":[],"product_brand":[],"product_cat":[236,210],"product_tag":[],"class_list":{"0":"post-11592","1":"product","2":"type-product","3":"status-publish","4":"has-post-thumbnail","6":"product_cat-ecoserenite","7":"product_cat-residential","9":"first","10":"instock","11":"shipping-taxable","12":"product-type-simple"},"_links":{"self":[{"href":"https:\/\/eauchauffage.com\/ar\/wp-json\/wp\/v2\/product\/11592","targetHints":{"allow":["GET"]}}],"collection":[{"href":"https:\/\/eauchauffage.com\/ar\/wp-json\/wp\/v2\/product"}],"about":[{"href":"https:\/\/eauchauffage.com\/ar\/wp-json\/wp\/v2\/types\/product"}],"replies":[{"embeddable":true,"href":"https:\/\/eauchauffage.com\/ar\/wp-json\/wp\/v2\/comments?post=11592"}],"version-history":[{"count":8,"href":"https:\/\/eauchauffage.com\/ar\/wp-json\/wp\/v2\/product\/11592\/revisions"}],"predecessor-version":[{"id":12069,"href":"https:\/\/eauchauffage.com\/ar\/wp-json\/wp\/v2\/product\/11592\/revisions\/12069"}],"wp:featuredmedia":[{"embeddable":true,"href":"https:\/\/eauchauffage.com\/ar\/wp-json\/wp\/v2\/media\/11593"}],"wp:attachment":[{"href":"https:\/\/eauchauffage.com\/ar\/wp-json\/wp\/v2\/media?parent=11592"}],"wp:term":[{"taxonomy":"product_brand","embeddable":true,"href":"https:\/\/eauchauffage.com\/ar\/wp-json\/wp\/v2\/product_brand?post=11592"},{"taxonomy":"product_cat","embeddable":true,"href":"https:\/\/eauchauffage.com\/ar\/wp-json\/wp\/v2\/product_cat?post=11592"},{"taxonomy":"product_tag","embeddable":true,"href":"https:\/\/eauchauffage.com\/ar\/wp-json\/wp\/v2\/product_tag?post=11592"}],"curies":[{"name":"wp","href":"https:\/\/api.w.org\/{rel}","templated":true}]}}