{"id":11581,"date":"2025-09-23T12:11:51","date_gmt":"2025-09-23T12:11:51","guid":{"rendered":"https:\/\/eauchauffage.com\/?post_type=product&#038;p=11581"},"modified":"2025-09-27T09:54:54","modified_gmt":"2025-09-27T09:54:54","slug":"es7","status":"publish","type":"product","link":"https:\/\/eauchauffage.com\/ar\/product\/es7\/","title":{"rendered":"ES7"},"content":{"rendered":"<div data-elementor-type=\"wp-post\" data-elementor-id=\"11581\" class=\"elementor elementor-11581\">\n\t\t\t\t<div class=\"wd-negative-gap elementor-element elementor-element-395c680 e-flex e-con-boxed e-con e-parent\" data-id=\"395c680\" data-element_type=\"container\">\n\t\t\t\t\t<div class=\"e-con-inner\">\n\t\t<div class=\"elementor-element elementor-element-829b1a8 e-con-full e-flex e-con e-child\" data-id=\"829b1a8\" data-element_type=\"container\">\n\t\t\t\t<div class=\"elementor-element elementor-element-e8cd7f3 elementor-widget elementor-widget-wd_text_block\" data-id=\"e8cd7f3\" data-element_type=\"widget\" data-widget_type=\"wd_text_block.default\">\n\t\t\t\t<div class=\"elementor-widget-container\">\n\t\t\t\t\t\t\t<div class=\"wd-text-block reset-last-child text-left\">\n\t\t\t\n\t\t\t<p data-start=\"632\" data-end=\"945\">\u0625\u0646 <strong data-start=\"636\" data-end=\"677\">\u0633\u062e\u0627\u0646 \u0627\u0644\u0645\u064a\u0627\u0647 \u0627\u0644\u0643\u0647\u0631\u0628\u0627\u0626\u064a \u00c9coS\u00e9r\u00e9r\u00e9nit\u00e9 ES7<\/strong> \u062a\u0645 \u062a\u0635\u0645\u064a\u0645\u0647 \u0644\u062a\u0648\u0641\u064a\u0631 \u0645\u064a\u0627\u0647 \u0633\u0627\u062e\u0646\u0629 \u0622\u0645\u0646\u0629 \u0648\u0641\u0639\u0627\u0644\u0629 \u0648\u0637\u0648\u064a\u0644\u0629 \u0627\u0644\u0623\u0645\u062f \u0644\u0644\u0645\u0646\u0627\u0632\u0644 \u0648\u0627\u0644\u0645\u0646\u0634\u0622\u062a \u0627\u0644\u062a\u062c\u0627\u0631\u064a\u0629. \u0648\u0628\u0641\u0636\u0644 \u062a\u0635\u0645\u064a\u0645\u0647\u0627 \u0627\u0644\u0623\u0641\u0642\u064a \u0648\u062e\u064a\u0627\u0631\u0627\u062a \u0627\u0644\u0633\u0639\u0629 \u0627\u0644\u0643\u0628\u064a\u0631\u0629\u060c \u0641\u0647\u064a \u062d\u0644 \u0645\u062b\u0627\u0644\u064a \u0644\u0644\u0623\u0645\u0627\u0643\u0646 \u0627\u0644\u062a\u064a \u062a\u062a\u0637\u0644\u0628 \u0637\u0644\u0628\u0627\u064b \u0639\u0627\u0644\u064a\u0627\u064b \u0639\u0644\u0649 \u0627\u0644\u0645\u0627\u0621 \u0627\u0644\u0633\u0627\u062e\u0646 \u0645\u0639 \u0643\u0641\u0627\u0621\u0629 \u0641\u064a \u0627\u0633\u062a\u0647\u0644\u0627\u0643 \u0627\u0644\u0637\u0627\u0642\u0629.<\/p><h4 data-start=\"947\" data-end=\"965\"><strong data-start=\"951\" data-end=\"963\">\u0627\u0644\u0645\u064a\u0632\u0627\u062a:<\/strong><\/h4><ul data-start=\"966\" data-end=\"1533\"><li data-start=\"966\" data-end=\"1038\"><p data-start=\"968\" data-end=\"1038\"><strong data-start=\"968\" data-end=\"996\">\u062e\u0632\u0627\u0646 \u062f\u0627\u062e\u0644\u064a \u0645\u0637\u0644\u064a \u0628\u0627\u0644\u0645\u064a\u0646\u0627<\/strong> \u064a\u0636\u0645\u0646 \u0627\u0644\u0646\u0638\u0627\u0641\u0629 \u0627\u0644\u0635\u062d\u064a\u0629 \u0648\u064a\u0645\u0646\u0639 \u0627\u0644\u062a\u0622\u0643\u0644.<\/p><\/li><li data-start=\"1039\" data-end=\"1124\"><p data-start=\"1041\" data-end=\"1124\"><strong data-start=\"1041\" data-end=\"1060\">\u0623\u0646\u0648\u062f \u0627\u0644\u0645\u063a\u0646\u064a\u0633\u064a\u0648\u0645<\/strong> \u064a\u0648\u0641\u0631 \u062d\u0645\u0627\u064a\u0629 \u0636\u062f \u0627\u0644\u0635\u062f\u0623\u060c \u0645\u0645\u0627 \u064a\u0637\u064a\u0644 \u0645\u0646 \u0639\u0645\u0631 \u0627\u0644\u062e\u0632\u0627\u0646.<\/p><\/li><li data-start=\"1125\" data-end=\"1212\"><p data-start=\"1127\" data-end=\"1212\"><strong data-start=\"1127\" data-end=\"1160\">\u0639\u0627\u0632\u0644 \u0627\u0644\u0628\u0648\u0644\u064a \u064a\u0648\u0631\u064a\u062b\u064a\u0646 (PUF)<\/strong> \u064a\u0642\u0644\u0644 \u0645\u0646 \u0641\u0642\u062f\u0627\u0646 \u0627\u0644\u062d\u0631\u0627\u0631\u0629 \u0648\u064a\u062d\u0627\u0641\u0638 \u0639\u0644\u0649 \u0627\u0644\u0645\u0627\u0621 \u0627\u0644\u0633\u0627\u062e\u0646 \u0644\u0641\u062a\u0631\u0629 \u0623\u0637\u0648\u0644.<\/p><\/li><li data-start=\"1213\" data-end=\"1286\"><p data-start=\"1215\" data-end=\"1286\"><strong data-start=\"1215\" data-end=\"1255\">\u062a\u0631\u0645\u0648\u0633\u062a\u0627\u062a \u0639\u0627\u0644\u064a \u0627\u0644\u062f\u0642\u0629 \u062d\u062a\u0649 75 \u062f\u0631\u062c\u0629 \u0645\u0626\u0648\u064a\u0629<\/strong> \u0645\u0639 \u062d\u0645\u0627\u064a\u0629 \u0645\u0646 \u0627\u0644\u062d\u0631\u0627\u0631\u0629 \u0627\u0644\u0632\u0627\u0626\u062f\u0629.<\/p><\/li><li data-start=\"1287\" data-end=\"1372\"><p data-start=\"1289\" data-end=\"1372\"><strong data-start=\"1289\" data-end=\"1321\">\u0646\u0638\u0627\u0645 \u0623\u0645\u0627\u0646 \u0634\u0627\u0645\u0644:<\/strong> \u0642\u0637\u0639 \u062d\u0631\u0627\u0631\u064a \u062a\u0644\u0642\u0627\u0626\u064a + \u062d\u0645\u0627\u064a\u0629 \u0645\u0646 \u0627\u0644\u062a\u0623\u0631\u064a\u0636.<\/p><\/li><li data-start=\"1373\" data-end=\"1425\"><p data-start=\"1375\" data-end=\"1425\"><strong data-start=\"1375\" data-end=\"1400\">\u062f\u0631\u062c\u0629 IPX4 \u0627\u0644\u0645\u0642\u0627\u0648\u0645\u0629 \u0644\u0644\u0645\u0627\u0621<\/strong> \u0644\u0645\u0642\u0627\u0648\u0645\u0629 \u0627\u0644\u0631\u0630\u0627\u0630.<\/p><\/li><li data-start=\"1426\" data-end=\"1533\"><p data-start=\"1428\" data-end=\"1533\"><strong data-start=\"1428\" data-end=\"1449\">\u062a\u0635\u0645\u064a\u0645 \u0623\u0641\u0642\u064a<\/strong> \u0645\u062b\u0627\u0644\u064a\u0629 \u0644\u0644\u062a\u0631\u0643\u064a\u0628 \u0641\u064a \u0627\u0644\u0645\u0633\u0627\u062d\u0627\u062a \u0630\u0627\u062a \u0627\u0644\u0623\u0633\u0642\u0641 \u0627\u0644\u0645\u0646\u062e\u0641\u0636\u0629 \u0623\u0648 \u0627\u0644\u062e\u0644\u0648\u0635 \u0627\u0644\u0631\u0623\u0633\u064a \u0627\u0644\u0645\u062d\u062f\u0648\u062f.<\/p><\/li><\/ul><h4 data-start=\"1535\" data-end=\"1562\"><strong data-start=\"1539\" data-end=\"1560\">\u0627\u0644\u062a\u0641\u0627\u0635\u064a\u0644 \u0627\u0644\u0641\u0646\u064a\u0629:<\/strong><\/h4><ul data-start=\"1563\" data-end=\"1837\"><li data-start=\"1563\" data-end=\"1609\"><p data-start=\"1565\" data-end=\"1609\"><strong data-start=\"1565\" data-end=\"1586\">\u062e\u064a\u0627\u0631\u0627\u062a \u0627\u0644\u0633\u0639\u0629:<\/strong> 40 \u0644\u062a\u0631\u060c 70 \u0644\u062a\u0631\u060c 100 \u0644\u062a\u0631<\/p><\/li><li data-start=\"1610\" data-end=\"1646\"><p data-start=\"1612\" data-end=\"1646\"><strong data-start=\"1612\" data-end=\"1630\">\u0637\u0627\u0642\u0629 \u0627\u0644\u062a\u062f\u0641\u0626\u0629:<\/strong> 1500 \u0648\u0627\u0637 - 2000 \u0648\u0627\u0637<\/p><\/li><li data-start=\"1647\" data-end=\"1672\"><p data-start=\"1649\" data-end=\"1672\"><strong data-start=\"1649\" data-end=\"1661\">\u0627\u0644\u0641\u0648\u0644\u062a\u064a\u0629:<\/strong> 220-240V<\/p><\/li><li data-start=\"1673\" data-end=\"1701\"><p data-start=\"1675\" data-end=\"1701\"><strong data-start=\"1675\" data-end=\"1689\">\u0627\u0644\u062a\u0631\u062f\u062f:<\/strong> 50 \u0647\u0631\u062a\u0632\/60 \u0647\u0631\u062a\u0632<\/p><\/li><li data-start=\"1702\" data-end=\"1737\"><p data-start=\"1704\" data-end=\"1737\"><strong data-start=\"1704\" data-end=\"1727\">\u0636\u063a\u0637 \u0627\u0644\u062a\u0634\u063a\u064a\u0644:<\/strong> 0.7 \u0645\u064a\u062c\u0627 \u0628\u0627\u0633\u0643\u0627\u0644<\/p><\/li><li data-start=\"1738\" data-end=\"1772\"><p data-start=\"1740\" data-end=\"1772\"><strong data-start=\"1740\" data-end=\"1762\">\u0646\u0637\u0627\u0642 \u062f\u0631\u062c\u0629 \u0627\u0644\u062d\u0631\u0627\u0631\u0629:<\/strong> 30-75\u00b0C<\/p><\/li><li data-start=\"1773\" data-end=\"1837\"><p data-start=\"1775\" data-end=\"1837\"><strong data-start=\"1775\" data-end=\"1808\">\u062a\u0635\u0645\u064a\u0645 \u0623\u0633\u0637\u0648\u0627\u0646\u064a \u0623\u0641\u0642\u064a \u0623\u0633\u0637\u0648\u0627\u0646\u064a<\/strong> \u0644\u062a\u0631\u0643\u064a\u0628 \u0645\u062a\u0639\u062f\u062f \u0627\u0644\u0627\u0633\u062a\u062e\u062f\u0627\u0645\u0627\u062a<\/p><\/li><\/ul><h4 data-start=\"1839\" data-end=\"1867\"><strong data-start=\"1843\" data-end=\"1865\">\u0627\u0644\u062a\u0637\u0628\u064a\u0642\u0627\u062a \u0627\u0644\u0645\u062b\u0627\u0644\u064a\u0629:<\/strong><\/h4><ul data-start=\"1868\" data-end=\"1992\"><li data-start=\"1868\" data-end=\"1892\"><p data-start=\"1870\" data-end=\"1892\">\u0627\u0644\u0645\u0646\u0627\u0632\u0644 \u0648\u0627\u0644\u0634\u0642\u0642<\/p><\/li><li data-start=\"1893\" data-end=\"1927\"><p data-start=\"1895\" data-end=\"1927\">\u0627\u0644\u0641\u0646\u0627\u062f\u0642 \u0648\u0627\u0644\u0634\u0642\u0642 \u0627\u0644\u0641\u0646\u062f\u0642\u064a\u0629<\/p><\/li><li data-start=\"1928\" data-end=\"1957\"><p data-start=\"1930\" data-end=\"1957\">\u0627\u0644\u0635\u0627\u0644\u0648\u0646\u0627\u062a \u0648\u0645\u0631\u0627\u0643\u0632 \u0627\u0644\u062a\u062c\u0645\u064a\u0644<\/p><\/li><li data-start=\"1958\" data-end=\"1992\"><p data-start=\"1960\" data-end=\"1992\">\u0627\u0644\u0645\u0643\u0627\u062a\u0628 \u0648\u0645\u0631\u0627\u0641\u0642 \u0627\u0644\u062e\u062f\u0645\u0627\u062a<\/p><\/li><\/ul>\n\t\t\t\t\t<\/div>\n\t\t\t\t\t\t<\/div>\n\t\t\t\t<\/div>\n\t\t\t\t<\/div>\n\t\t<div class=\"elementor-element elementor-element-ce7734e e-con-full e-flex e-con e-child\" data-id=\"ce7734e\" data-element_type=\"container\">\n\t\t\t\t<div class=\"elementor-element elementor-element-3045f04 elementor-widget elementor-widget-wd_image_or_svg\" data-id=\"3045f04\" data-element_type=\"widget\" data-widget_type=\"wd_image_or_svg.default\">\n\t\t\t\t<div class=\"elementor-widget-container\">\n\t\t\t\t\t\n\t\t<div class=\"wd-image text-center photoswipe-images\">\n\t\t\t\t\t\t\t<a  href=\"https:\/\/eauchauffage.com\/wp-content\/uploads\/2025\/09\/ES7-1.jpg\"data-width=\"594\" data-height=\"770\" data-elementor-open-lightbox=\"no\" aria-label=\"Image link\">\n\t\t\t\t\t\t\t\t<img fetchpriority=\"high\" decoding=\"async\" width=\"594\" height=\"770\" src=\"https:\/\/eauchauffage.com\/wp-content\/uploads\/2025\/09\/ES7-1.jpg\" class=\"attachment-full size-full\" alt=\"\" srcset=\"https:\/\/eauchauffage.com\/wp-content\/uploads\/2025\/09\/ES7-1.jpg 594w, https:\/\/eauchauffage.com\/wp-content\/uploads\/2025\/09\/ES7-1-231x300.jpg 231w, https:\/\/eauchauffage.com\/wp-content\/uploads\/2025\/09\/ES7-1-150x194.jpg 150w\" sizes=\"(max-width: 594px) 100vw, 594px\" \/>\t\t\t\t\t\t\t<\/a>\n\t\t\t\t\t<\/div>\n\n\t\t\t\t\t\t<\/div>\n\t\t\t\t<\/div>\n\t\t\t\t<\/div>\n\t\t\t\t\t<\/div>\n\t\t\t\t<\/div>\n\t\t\t\t<\/div>","protected":false},"excerpt":{"rendered":"<h4 data-start=\"509\" data-end=\"552\">\u0633\u062e\u0627\u0646 \u0627\u0644\u0645\u064a\u0627\u0647 \u0627\u0644\u0643\u0647\u0631\u0628\u0627\u0626\u064a \u00c9coS\u00e9r\u00e9r\u00e9nit\u00e9 ES7<\/h4>\n<ul data-start=\"141\" data-end=\"489\">\n<li data-start=\"141\" data-end=\"199\">\n<p data-start=\"143\" data-end=\"199\">\u0633\u062e\u0627\u0646 \u0645\u064a\u0627\u0647 \u0623\u0641\u0642\u064a \u0645\u0639 <strong data-start=\"172\" data-end=\"186\">40 \u0644\u062a\u0631 - 100 \u0644\u062a\u0631<\/strong> \u0627\u0644\u0642\u062f\u0631\u0627\u062a<\/p>\n<\/li>\n<li data-start=\"200\" data-end=\"243\">\n<p data-start=\"202\" data-end=\"243\">\u062a\u0633\u062e\u064a\u0646 \u0633\u0631\u064a\u0639 \u0628\u0643\u0641\u0627\u0621\u0629 \u062a\u0635\u0644 \u0625\u0644\u0649 75 \u062f\u0631\u062c\u0629 \u0645\u0626\u0648\u064a\u0629<\/p>\n<\/li>\n<li data-start=\"244\" data-end=\"297\">\n<p data-start=\"246\" data-end=\"297\">\u062e\u0632\u0627\u0646 \u062f\u0627\u062e\u0644\u064a \u0645\u0637\u0644\u064a \u0628\u0627\u0644\u0645\u064a\u0646\u0627 \u0644\u0644\u0646\u0638\u0627\u0641\u0629 \u0648\u0627\u0644\u0645\u062a\u0627\u0646\u0629<\/p>\n<\/li>\n<li data-start=\"298\" data-end=\"361\">\n<p data-start=\"300\" data-end=\"361\">\u064a\u0642\u0644\u0644 \u0639\u0632\u0644 PUF \u0645\u0646 \u0641\u0642\u062f\u0627\u0646 \u0627\u0644\u062d\u0631\u0627\u0631\u0629 \u0648\u064a\u062d\u0627\u0641\u0638 \u0639\u0644\u0649 \u0633\u062e\u0648\u0646\u0629 \u0627\u0644\u0645\u064a\u0627\u0647 \u0644\u0641\u062a\u0631\u0629 \u0623\u0637\u0648\u0644<\/p>\n<\/li>\n<li data-start=\"362\" data-end=\"430\">\n<p data-start=\"364\" data-end=\"430\">\u0646\u0638\u0627\u0645 \u0627\u0644\u0633\u0644\u0627\u0645\u0629: \u062a\u0631\u0645\u0648\u0633\u062a\u0627\u062a + \u0642\u0627\u0637\u0639 \u062d\u0631\u0627\u0631\u064a + \u062d\u0645\u0627\u064a\u0629 \u0645\u0646 \u0627\u0644\u062a\u0633\u0631\u0628<\/p>\n<\/li>\n<li data-start=\"431\" data-end=\"489\">\n<p data-start=\"433\" data-end=\"489\">\u062e\u0632\u0627\u0646 \u0645\u0646 \u0627\u0644\u0641\u0648\u0644\u0627\u0630 \u0627\u0644\u0645\u0642\u0627\u0648\u0645 \u0644\u0644\u0635\u062f\u0623 (SUS316\/304) \u0644\u0644\u0627\u0633\u062a\u062e\u062f\u0627\u0645 \u0637\u0648\u064a\u0644 \u0627\u0644\u0623\u0645\u062f<\/p>\n<\/li>\n<\/ul>\n<p data-start=\"491\" data-end=\"559\"><strong data-start=\"491\" data-end=\"557\">\u0645\u062b\u0627\u0644\u064a\u0629 \u0644\u0644\u0645\u0646\u0627\u0632\u0644 \u0648\u0627\u0644\u0634\u0642\u0642 \u0648\u0627\u0644\u0641\u0646\u0627\u062f\u0642 \u0648\u0627\u0644\u0645\u0631\u0627\u0641\u0642 \u0627\u0644\u062e\u062f\u0645\u064a\u0629.<\/strong><\/p>","protected":false},"featured_media":11582,"comment_status":"open","ping_status":"closed","template":"","meta":[],"product_brand":[],"product_cat":[236,210],"product_tag":[],"class_list":{"0":"post-11581","1":"product","2":"type-product","3":"status-publish","4":"has-post-thumbnail","6":"product_cat-ecoserenite","7":"product_cat-residential","9":"first","10":"instock","11":"shipping-taxable","12":"product-type-simple"},"_links":{"self":[{"href":"https:\/\/eauchauffage.com\/ar\/wp-json\/wp\/v2\/product\/11581","targetHints":{"allow":["GET"]}}],"collection":[{"href":"https:\/\/eauchauffage.com\/ar\/wp-json\/wp\/v2\/product"}],"about":[{"href":"https:\/\/eauchauffage.com\/ar\/wp-json\/wp\/v2\/types\/product"}],"replies":[{"embeddable":true,"href":"https:\/\/eauchauffage.com\/ar\/wp-json\/wp\/v2\/comments?post=11581"}],"version-history":[{"count":9,"href":"https:\/\/eauchauffage.com\/ar\/wp-json\/wp\/v2\/product\/11581\/revisions"}],"predecessor-version":[{"id":12070,"href":"https:\/\/eauchauffage.com\/ar\/wp-json\/wp\/v2\/product\/11581\/revisions\/12070"}],"wp:featuredmedia":[{"embeddable":true,"href":"https:\/\/eauchauffage.com\/ar\/wp-json\/wp\/v2\/media\/11582"}],"wp:attachment":[{"href":"https:\/\/eauchauffage.com\/ar\/wp-json\/wp\/v2\/media?parent=11581"}],"wp:term":[{"taxonomy":"product_brand","embeddable":true,"href":"https:\/\/eauchauffage.com\/ar\/wp-json\/wp\/v2\/product_brand?post=11581"},{"taxonomy":"product_cat","embeddable":true,"href":"https:\/\/eauchauffage.com\/ar\/wp-json\/wp\/v2\/product_cat?post=11581"},{"taxonomy":"product_tag","embeddable":true,"href":"https:\/\/eauchauffage.com\/ar\/wp-json\/wp\/v2\/product_tag?post=11581"}],"curies":[{"name":"wp","href":"https:\/\/api.w.org\/{rel}","templated":true}]}}