{"id":11567,"date":"2025-09-23T12:09:43","date_gmt":"2025-09-23T12:09:43","guid":{"rendered":"https:\/\/eauchauffage.com\/?post_type=product&#038;p=11567"},"modified":"2025-09-27T09:55:26","modified_gmt":"2025-09-27T09:55:26","slug":"es5","status":"publish","type":"product","link":"https:\/\/eauchauffage.com\/ar\/product\/es5\/","title":{"rendered":"ES5"},"content":{"rendered":"<div data-elementor-type=\"wp-post\" data-elementor-id=\"11567\" class=\"elementor elementor-11567\">\n\t\t\t\t<div class=\"wd-negative-gap elementor-element elementor-element-395c680 e-flex e-con-boxed e-con e-parent\" data-id=\"395c680\" data-element_type=\"container\">\n\t\t\t\t\t<div class=\"e-con-inner\">\n\t\t<div class=\"elementor-element elementor-element-829b1a8 e-con-full e-flex e-con e-child\" data-id=\"829b1a8\" data-element_type=\"container\">\n\t\t\t\t<div class=\"elementor-element elementor-element-e8cd7f3 elementor-widget elementor-widget-wd_text_block\" data-id=\"e8cd7f3\" data-element_type=\"widget\" data-widget_type=\"wd_text_block.default\">\n\t\t\t\t<div class=\"elementor-widget-container\">\n\t\t\t\t\t\t\t<div class=\"wd-text-block reset-last-child text-left\">\n\t\t\t\n\t\t\t<p data-start=\"583\" data-end=\"890\">\u0625\u0646 <strong data-start=\"587\" data-end=\"628\">\u0633\u062e\u0627\u0646 \u0627\u0644\u0645\u064a\u0627\u0647 \u0627\u0644\u0643\u0647\u0631\u0628\u0627\u0626\u064a \u00c9coS\u00e9r\u00e9r\u00e9nit\u00e9 ES5<\/strong> \u0645\u0635\u0645\u0645\u0629 \u0644\u062a\u0648\u0641\u064a\u0631 \u0645\u064a\u0627\u0647 \u0633\u0627\u062e\u0646\u0629 \u0645\u0648\u062b\u0648\u0642\u0629 \u0648\u0641\u0639\u0627\u0644\u0629 \u0644\u0644\u0645\u0633\u0627\u062d\u0627\u062a \u0627\u0644\u0645\u062f\u0645\u062c\u0629. \u0648\u0628\u0641\u0636\u0644 \u062a\u0635\u0645\u064a\u0645\u0647\u0627 \u0627\u0644\u062f\u0627\u0626\u0631\u064a \u0627\u0644\u0639\u0645\u0648\u062f\u064a \u0648\u062e\u064a\u0627\u0631\u0627\u062a \u0627\u0644\u0633\u0639\u0629 \u0627\u0644\u0635\u063a\u064a\u0631\u0629\u060c \u0641\u0647\u064a \u062e\u064a\u0627\u0631 \u0645\u0645\u062a\u0627\u0632 \u0644\u0644\u0645\u0646\u0627\u0632\u0644 \u0648\u0627\u0644\u0645\u0631\u0627\u0641\u0642 \u0627\u0644\u062e\u062f\u0645\u064a\u0629 \u0627\u0644\u062a\u064a \u062a\u062a\u0637\u0644\u0628 \u0645\u064a\u0627\u0647 \u0633\u0627\u062e\u0646\u0629 \u0633\u0631\u064a\u0639\u0629 \u0648\u0622\u0645\u0646\u0629 \u0628\u0643\u0645\u064a\u0627\u062a \u0635\u063a\u064a\u0631\u0629.<\/p><h4 data-start=\"892\" data-end=\"910\"><strong data-start=\"896\" data-end=\"908\">\u0627\u0644\u0645\u064a\u0632\u0627\u062a:<\/strong><\/h4><ul data-start=\"911\" data-end=\"1429\"><li data-start=\"911\" data-end=\"983\"><p data-start=\"913\" data-end=\"983\"><strong data-start=\"913\" data-end=\"941\">\u062e\u0632\u0627\u0646 \u062f\u0627\u062e\u0644\u064a \u0645\u0637\u0644\u064a \u0628\u0627\u0644\u0645\u064a\u0646\u0627<\/strong> \u064a\u0636\u0645\u0646 \u0627\u0644\u0646\u0638\u0627\u0641\u0629 \u0627\u0644\u0635\u062d\u064a\u0629 \u0648\u064a\u0645\u0646\u0639 \u0627\u0644\u062a\u0622\u0643\u0644.<\/p><\/li><li data-start=\"984\" data-end=\"1063\"><p data-start=\"986\" data-end=\"1063\"><strong data-start=\"986\" data-end=\"1005\">\u0623\u0646\u0648\u062f \u0627\u0644\u0645\u063a\u0646\u064a\u0633\u064a\u0648\u0645<\/strong> \u064a\u0648\u0641\u0631 \u062d\u0645\u0627\u064a\u0629 \u0636\u062f \u0627\u0644\u0635\u062f\u0623\u060c \u0645\u0645\u0627 \u064a\u0637\u064a\u0644 \u0645\u0646 \u0639\u0645\u0631 \u0627\u0644\u062e\u0632\u0627\u0646.<\/p><\/li><li data-start=\"1064\" data-end=\"1151\"><p data-start=\"1066\" data-end=\"1151\"><strong data-start=\"1066\" data-end=\"1099\">\u0639\u0627\u0632\u0644 \u0627\u0644\u0628\u0648\u0644\u064a \u064a\u0648\u0631\u064a\u062b\u064a\u0646 (PUF)<\/strong> \u064a\u0642\u0644\u0644 \u0645\u0646 \u0641\u0642\u062f\u0627\u0646 \u0627\u0644\u062d\u0631\u0627\u0631\u0629 \u0648\u064a\u062d\u0627\u0641\u0638 \u0639\u0644\u0649 \u0627\u0644\u0645\u0627\u0621 \u0627\u0644\u0633\u0627\u062e\u0646 \u0644\u0641\u062a\u0631\u0629 \u0623\u0637\u0648\u0644.<\/p><\/li><li data-start=\"1152\" data-end=\"1225\"><p data-start=\"1154\" data-end=\"1225\"><strong data-start=\"1154\" data-end=\"1194\">\u062a\u0631\u0645\u0648\u0633\u062a\u0627\u062a \u0639\u0627\u0644\u064a \u0627\u0644\u062f\u0642\u0629 \u062d\u062a\u0649 75 \u062f\u0631\u062c\u0629 \u0645\u0626\u0648\u064a\u0629<\/strong> \u0645\u0639 \u062d\u0645\u0627\u064a\u0629 \u0645\u0646 \u0627\u0644\u062d\u0631\u0627\u0631\u0629 \u0627\u0644\u0632\u0627\u0626\u062f\u0629.<\/p><\/li><li data-start=\"1226\" data-end=\"1311\"><p data-start=\"1228\" data-end=\"1311\"><strong data-start=\"1228\" data-end=\"1260\">\u0646\u0638\u0627\u0645 \u0623\u0645\u0627\u0646 \u0634\u0627\u0645\u0644:<\/strong> \u0642\u0637\u0639 \u062d\u0631\u0627\u0631\u064a \u062a\u0644\u0642\u0627\u0626\u064a + \u062d\u0645\u0627\u064a\u0629 \u0645\u0646 \u0627\u0644\u062a\u0623\u0631\u064a\u0636.<\/p><\/li><li data-start=\"1312\" data-end=\"1364\"><p data-start=\"1314\" data-end=\"1364\"><strong data-start=\"1314\" data-end=\"1339\">\u062f\u0631\u062c\u0629 IPX4 \u0627\u0644\u0645\u0642\u0627\u0648\u0645\u0629 \u0644\u0644\u0645\u0627\u0621<\/strong> \u0644\u0645\u0642\u0627\u0648\u0645\u0629 \u0627\u0644\u0631\u0630\u0627\u0630.<\/p><\/li><li data-start=\"1365\" data-end=\"1429\"><p data-start=\"1367\" data-end=\"1429\"><strong data-start=\"1367\" data-end=\"1403\">\u062a\u0635\u0645\u064a\u0645 \u062f\u0627\u0626\u0631\u064a \u0639\u0645\u0648\u062f\u064a \u0645\u062f\u0645\u062c<\/strong> \u0645\u062b\u0627\u0644\u064a\u0629 \u0644\u0644\u0645\u0633\u0627\u062d\u0627\u062a \u0627\u0644\u0635\u063a\u064a\u0631\u0629.<\/p><\/li><\/ul><h4 data-start=\"1431\" data-end=\"1458\"><strong data-start=\"1435\" data-end=\"1456\">\u0627\u0644\u062a\u0641\u0627\u0635\u064a\u0644 \u0627\u0644\u0641\u0646\u064a\u0629:<\/strong><\/h4><ul data-start=\"1459\" data-end=\"1717\"><li data-start=\"1459\" data-end=\"1493\"><p data-start=\"1461\" data-end=\"1493\"><strong data-start=\"1461\" data-end=\"1482\">\u062e\u064a\u0627\u0631\u0627\u062a \u0627\u0644\u0633\u0639\u0629:<\/strong> 10 \u0644\u062a\u0631\u060c 15 \u0644\u062a\u0631<\/p><\/li><li data-start=\"1494\" data-end=\"1522\"><p data-start=\"1496\" data-end=\"1522\"><strong data-start=\"1496\" data-end=\"1514\">\u0637\u0627\u0642\u0629 \u0627\u0644\u062a\u062f\u0641\u0626\u0629:<\/strong> 1200W<\/p><\/li><li data-start=\"1523\" data-end=\"1548\"><p data-start=\"1525\" data-end=\"1548\"><strong data-start=\"1525\" data-end=\"1537\">\u0627\u0644\u0641\u0648\u0644\u062a\u064a\u0629:<\/strong> 220-240V<\/p><\/li><li data-start=\"1549\" data-end=\"1577\"><p data-start=\"1551\" data-end=\"1577\"><strong data-start=\"1551\" data-end=\"1565\">\u0627\u0644\u062a\u0631\u062f\u062f:<\/strong> 50 \u0647\u0631\u062a\u0632\/60 \u0647\u0631\u062a\u0632<\/p><\/li><li data-start=\"1578\" data-end=\"1613\"><p data-start=\"1580\" data-end=\"1613\"><strong data-start=\"1580\" data-end=\"1603\">\u0636\u063a\u0637 \u0627\u0644\u062a\u0634\u063a\u064a\u0644:<\/strong> 0.7 \u0645\u064a\u062c\u0627 \u0628\u0627\u0633\u0643\u0627\u0644<\/p><\/li><li data-start=\"1614\" data-end=\"1648\"><p data-start=\"1616\" data-end=\"1648\"><strong data-start=\"1616\" data-end=\"1638\">\u0646\u0637\u0627\u0642 \u062f\u0631\u062c\u0629 \u0627\u0644\u062d\u0631\u0627\u0631\u0629:<\/strong> 30-75\u00b0C<\/p><\/li><li data-start=\"1649\" data-end=\"1717\"><p data-start=\"1651\" data-end=\"1717\"><strong data-start=\"1651\" data-end=\"1673\">\u0623\u0628\u0639\u0627\u062f \u0645\u062f\u0645\u062c\u0629<\/strong> \u0633\u0647\u0644\u0629 \u0627\u0644\u062a\u0631\u0643\u064a\u0628 \u0641\u064a \u0627\u0644\u0645\u0637\u0627\u0628\u062e \u0648\u0627\u0644\u062d\u0645\u0627\u0645\u0627\u062a<\/p><\/li><\/ul><h4 data-start=\"1719\" data-end=\"1747\"><strong data-start=\"1723\" data-end=\"1745\">\u0627\u0644\u062a\u0637\u0628\u064a\u0642\u0627\u062a \u0627\u0644\u0645\u062b\u0627\u0644\u064a\u0629:<\/strong><\/h4><ul data-start=\"1748\" data-end=\"1858\"><li data-start=\"1748\" data-end=\"1774\"><p data-start=\"1750\" data-end=\"1774\">\u0627\u0644\u0645\u0637\u0627\u0628\u062e \u0648\u0627\u0644\u062d\u0645\u0627\u0645\u0627\u062a<\/p><\/li><li data-start=\"1775\" data-end=\"1795\"><p data-start=\"1777\" data-end=\"1795\">\u0634\u0642\u0642 \u0635\u063a\u064a\u0631\u0629<\/p><\/li><li data-start=\"1796\" data-end=\"1825\"><p data-start=\"1798\" data-end=\"1825\">\u0627\u0644\u0635\u0627\u0644\u0648\u0646\u0627\u062a \u0648\u0645\u0631\u0627\u0643\u0632 \u0627\u0644\u062a\u062c\u0645\u064a\u0644<\/p><\/li><li data-start=\"1826\" data-end=\"1858\"><p data-start=\"1828\" data-end=\"1858\">\u0627\u0644\u0645\u0643\u0627\u062a\u0628 \u0648\u0627\u0644\u0645\u0631\u0627\u0641\u0642 \u0627\u0644\u0635\u063a\u064a\u0631\u0629<\/p><\/li><\/ul>\n\t\t\t\t\t<\/div>\n\t\t\t\t\t\t<\/div>\n\t\t\t\t<\/div>\n\t\t\t\t<\/div>\n\t\t<div class=\"elementor-element elementor-element-ce7734e e-con-full e-flex e-con e-child\" data-id=\"ce7734e\" data-element_type=\"container\">\n\t\t\t\t<div class=\"elementor-element elementor-element-3045f04 elementor-widget elementor-widget-wd_image_or_svg\" data-id=\"3045f04\" data-element_type=\"widget\" data-widget_type=\"wd_image_or_svg.default\">\n\t\t\t\t<div class=\"elementor-widget-container\">\n\t\t\t\t\t\n\t\t<div class=\"wd-image text-center photoswipe-images\">\n\t\t\t\t\t\t\t<a  href=\"https:\/\/eauchauffage.com\/wp-content\/uploads\/2025\/09\/ES5-1.jpg\"data-width=\"594\" data-height=\"774\" data-elementor-open-lightbox=\"no\" aria-label=\"Image link\">\n\t\t\t\t\t\t\t\t<img fetchpriority=\"high\" decoding=\"async\" width=\"594\" height=\"774\" src=\"https:\/\/eauchauffage.com\/wp-content\/uploads\/2025\/09\/ES5-1.jpg\" class=\"attachment-full size-full\" alt=\"\" srcset=\"https:\/\/eauchauffage.com\/wp-content\/uploads\/2025\/09\/ES5-1.jpg 594w, https:\/\/eauchauffage.com\/wp-content\/uploads\/2025\/09\/ES5-1-230x300.jpg 230w, https:\/\/eauchauffage.com\/wp-content\/uploads\/2025\/09\/ES5-1-150x195.jpg 150w\" sizes=\"(max-width: 594px) 100vw, 594px\" \/>\t\t\t\t\t\t\t<\/a>\n\t\t\t\t\t<\/div>\n\n\t\t\t\t\t\t<\/div>\n\t\t\t\t<\/div>\n\t\t\t\t<\/div>\n\t\t\t\t\t<\/div>\n\t\t\t\t<\/div>\n\t\t\t\t<\/div>","protected":false},"excerpt":{"rendered":"<h4 data-start=\"509\" data-end=\"552\">\u0633\u062e\u0627\u0646 \u0627\u0644\u0645\u064a\u0627\u0647 \u0627\u0644\u0643\u0647\u0631\u0628\u0627\u0626\u064a \u00c9coS\u00e9r\u00e9r\u00e9nit\u00e9 ES5<\/h4>\n<ul data-start=\"141\" data-end=\"443\">\n<li data-start=\"141\" data-end=\"186\">\n<p data-start=\"143\" data-end=\"186\">\u0633\u062e\u0627\u0646 \u0645\u064a\u0627\u0647 \u0635\u063a\u064a\u0631 \u0627\u0644\u0633\u0639\u0629 <strong data-start=\"171\" data-end=\"184\">10 \u0644\u062a\u0631 - 15 \u0644\u062a\u0631<\/strong><\/p>\n<\/li>\n<li data-start=\"187\" data-end=\"230\">\n<p data-start=\"189\" data-end=\"230\">\u062a\u0633\u062e\u064a\u0646 \u0633\u0631\u064a\u0639 \u0628\u0643\u0641\u0627\u0621\u0629 \u062a\u0635\u0644 \u0625\u0644\u0649 75 \u062f\u0631\u062c\u0629 \u0645\u0626\u0648\u064a\u0629<\/p>\n<\/li>\n<li data-start=\"231\" data-end=\"284\">\n<p data-start=\"233\" data-end=\"284\">\u062e\u0632\u0627\u0646 \u062f\u0627\u062e\u0644\u064a \u0645\u0637\u0644\u064a \u0628\u0627\u0644\u0645\u064a\u0646\u0627 \u0644\u0644\u0646\u0638\u0627\u0641\u0629 \u0648\u0627\u0644\u0645\u062a\u0627\u0646\u0629<\/p>\n<\/li>\n<li data-start=\"285\" data-end=\"326\">\n<p data-start=\"287\" data-end=\"326\">\u064a\u062d\u0627\u0641\u0638 \u0639\u0627\u0632\u0644 PUF \u0639\u0644\u0649 \u0627\u0644\u0645\u064a\u0627\u0647 \u0633\u0627\u062e\u0646\u0629 \u0644\u0641\u062a\u0631\u0629 \u0623\u0637\u0648\u0644<\/p>\n<\/li>\n<li data-start=\"327\" data-end=\"387\">\n<p data-start=\"329\" data-end=\"387\">\u0646\u0638\u0627\u0645 \u0627\u0644\u0623\u0645\u0627\u0646: \u062a\u0631\u0645\u0648\u0633\u062a\u0627\u062a + \u0642\u0627\u0637\u0639 \u062a\u064a\u0627\u0631 + \u062d\u0645\u0627\u064a\u0629 \u0645\u0646 \u0627\u0644\u062a\u0633\u0631\u0628<\/p>\n<\/li>\n<li data-start=\"388\" data-end=\"443\">\n<p data-start=\"390\" data-end=\"443\">\u062a\u0635\u0645\u064a\u0645 \u062f\u0627\u0626\u0631\u064a \u0639\u0645\u0648\u062f\u064a \u0645\u062f\u0645\u062c \u0644\u0644\u0645\u0633\u0627\u062d\u0627\u062a \u0627\u0644\u0645\u062d\u062f\u0648\u062f\u0629<\/p>\n<\/li>\n<\/ul>\n<p data-start=\"445\" data-end=\"510\"><strong data-start=\"445\" data-end=\"508\">\u0645\u062b\u0627\u0644\u064a\u0629 \u0644\u0644\u0645\u0637\u0627\u0628\u062e \u0648\u0627\u0644\u062d\u0645\u0627\u0645\u0627\u062a \u0648\u0627\u0644\u0635\u0627\u0644\u0648\u0646\u0627\u062a \u0648\u0627\u0644\u0645\u0643\u0627\u062a\u0628 \u0627\u0644\u0635\u063a\u064a\u0631\u0629.<\/strong><\/p>","protected":false},"featured_media":11568,"comment_status":"open","ping_status":"closed","template":"","meta":[],"product_brand":[],"product_cat":[236,210],"product_tag":[],"class_list":{"0":"post-11567","1":"product","2":"type-product","3":"status-publish","4":"has-post-thumbnail","6":"product_cat-ecoserenite","7":"product_cat-residential","9":"first","10":"instock","11":"shipping-taxable","12":"product-type-simple"},"_links":{"self":[{"href":"https:\/\/eauchauffage.com\/ar\/wp-json\/wp\/v2\/product\/11567","targetHints":{"allow":["GET"]}}],"collection":[{"href":"https:\/\/eauchauffage.com\/ar\/wp-json\/wp\/v2\/product"}],"about":[{"href":"https:\/\/eauchauffage.com\/ar\/wp-json\/wp\/v2\/types\/product"}],"replies":[{"embeddable":true,"href":"https:\/\/eauchauffage.com\/ar\/wp-json\/wp\/v2\/comments?post=11567"}],"version-history":[{"count":5,"href":"https:\/\/eauchauffage.com\/ar\/wp-json\/wp\/v2\/product\/11567\/revisions"}],"predecessor-version":[{"id":12072,"href":"https:\/\/eauchauffage.com\/ar\/wp-json\/wp\/v2\/product\/11567\/revisions\/12072"}],"wp:featuredmedia":[{"embeddable":true,"href":"https:\/\/eauchauffage.com\/ar\/wp-json\/wp\/v2\/media\/11568"}],"wp:attachment":[{"href":"https:\/\/eauchauffage.com\/ar\/wp-json\/wp\/v2\/media?parent=11567"}],"wp:term":[{"taxonomy":"product_brand","embeddable":true,"href":"https:\/\/eauchauffage.com\/ar\/wp-json\/wp\/v2\/product_brand?post=11567"},{"taxonomy":"product_cat","embeddable":true,"href":"https:\/\/eauchauffage.com\/ar\/wp-json\/wp\/v2\/product_cat?post=11567"},{"taxonomy":"product_tag","embeddable":true,"href":"https:\/\/eauchauffage.com\/ar\/wp-json\/wp\/v2\/product_tag?post=11567"}],"curies":[{"name":"wp","href":"https:\/\/api.w.org\/{rel}","templated":true}]}}