{"id":11539,"date":"2025-09-23T12:01:51","date_gmt":"2025-09-23T12:01:51","guid":{"rendered":"https:\/\/eauchauffage.com\/?post_type=product&#038;p=11539"},"modified":"2025-09-27T09:56:29","modified_gmt":"2025-09-27T09:56:29","slug":"es1","status":"publish","type":"product","link":"https:\/\/eauchauffage.com\/ar\/product\/es1\/","title":{"rendered":"ES1"},"content":{"rendered":"<div data-elementor-type=\"wp-post\" data-elementor-id=\"11539\" class=\"elementor elementor-11539\">\n\t\t\t\t<div class=\"wd-negative-gap elementor-element elementor-element-395c680 e-flex e-con-boxed e-con e-parent\" data-id=\"395c680\" data-element_type=\"container\">\n\t\t\t\t\t<div class=\"e-con-inner\">\n\t\t<div class=\"elementor-element elementor-element-829b1a8 e-con-full e-flex e-con e-child\" data-id=\"829b1a8\" data-element_type=\"container\">\n\t\t\t\t<div class=\"elementor-element elementor-element-e8cd7f3 elementor-widget elementor-widget-wd_text_block\" data-id=\"e8cd7f3\" data-element_type=\"widget\" data-widget_type=\"wd_text_block.default\">\n\t\t\t\t<div class=\"elementor-widget-container\">\n\t\t\t\t\t\t\t<div class=\"wd-text-block reset-last-child text-left\">\n\t\t\t\n\t\t\t<p data-start=\"597\" data-end=\"866\">\u0625\u0646 <strong data-start=\"601\" data-end=\"642\">\u0633\u062e\u0627\u0646 \u0627\u0644\u0645\u064a\u0627\u0647 \u0627\u0644\u0643\u0647\u0631\u0628\u0627\u0626\u064a ES1 \u00c9coS\u00e9r\u00e9r\u00e9nit\u00e9 ES1<\/strong> \u0645\u0635\u0645\u0645\u0629 \u0644\u062a\u0648\u0641\u064a\u0631 \u0645\u064a\u0627\u0647 \u0633\u0627\u062e\u0646\u0629 \u0622\u0645\u0646\u0629 \u0648\u0641\u0639\u0627\u0644\u0629 \u0641\u064a \u0627\u0644\u0645\u0633\u0627\u062d\u0627\u062a \u0627\u0644\u0645\u062f\u0645\u062c\u0629. \u0648\u0628\u0641\u0636\u0644 \u062e\u064a\u0627\u0631\u0627\u062a \u0627\u0644\u0633\u0639\u0629 \u0627\u0644\u0635\u063a\u064a\u0631\u0629 \u0627\u0644\u0645\u062a\u0639\u062f\u062f\u0629 \u0648\u062a\u0642\u0646\u064a\u0629 \u0627\u0644\u0639\u0632\u0644 \u0627\u0644\u0645\u062a\u0642\u062f\u0645\u0629\u060c \u0641\u0647\u064a \u0627\u0644\u062d\u0644 \u0627\u0644\u0623\u0645\u062b\u0644 \u0644\u0644\u0627\u062d\u062a\u064a\u0627\u062c\u0627\u062a \u0627\u0644\u0645\u0646\u0632\u0644\u064a\u0629 \u0627\u0644\u064a\u0648\u0645\u064a\u0629 \u0648\u0627\u062d\u062a\u064a\u0627\u062c\u0627\u062a \u0627\u0644\u0645\u0631\u0627\u0641\u0642 \u0627\u0644\u062e\u062f\u0645\u064a\u0629.<\/p><h4 data-start=\"868\" data-end=\"886\"><strong data-start=\"872\" data-end=\"884\">\u0627\u0644\u0645\u064a\u0632\u0627\u062a:<\/strong><\/h4><ul data-start=\"887\" data-end=\"1396\"><li data-start=\"887\" data-end=\"959\"><p data-start=\"889\" data-end=\"959\"><strong data-start=\"889\" data-end=\"917\">\u062e\u0632\u0627\u0646 \u062f\u0627\u062e\u0644\u064a \u0645\u0637\u0644\u064a \u0628\u0627\u0644\u0645\u064a\u0646\u0627<\/strong> \u064a\u0636\u0645\u0646 \u0627\u0644\u0646\u0638\u0627\u0641\u0629 \u0627\u0644\u0635\u062d\u064a\u0629 \u0648\u064a\u0645\u0646\u0639 \u0627\u0644\u062a\u0622\u0643\u0644.<\/p><\/li><li data-start=\"960\" data-end=\"1032\"><p data-start=\"962\" data-end=\"1032\"><strong data-start=\"962\" data-end=\"981\">\u0623\u0646\u0648\u062f \u0627\u0644\u0645\u063a\u0646\u064a\u0633\u064a\u0648\u0645<\/strong> \u064a\u062d\u0645\u064a \u0645\u0646 \u0627\u0644\u0635\u062f\u0623 \u0648\u064a\u0637\u064a\u0644 \u0639\u0645\u0631 \u0627\u0644\u062e\u0632\u0627\u0646.<\/p><\/li><li data-start=\"1033\" data-end=\"1116\"><p data-start=\"1035\" data-end=\"1116\"><strong data-start=\"1035\" data-end=\"1068\">\u0639\u0627\u0632\u0644 \u0627\u0644\u0628\u0648\u0644\u064a \u064a\u0648\u0631\u064a\u062b\u064a\u0646 (PUF)<\/strong> \u064a\u0642\u0644\u0644 \u0645\u0646 \u0641\u0642\u062f\u0627\u0646 \u0627\u0644\u062d\u0631\u0627\u0631\u0629 \u0648\u064a\u062d\u0627\u0641\u0638 \u0639\u0644\u0649 \u0633\u062e\u0648\u0646\u0629 \u0627\u0644\u0645\u0627\u0621 \u0644\u0641\u062a\u0631\u0629 \u0623\u0637\u0648\u0644.<\/p><\/li><li data-start=\"1117\" data-end=\"1190\"><p data-start=\"1119\" data-end=\"1190\"><strong data-start=\"1119\" data-end=\"1159\">\u062a\u0631\u0645\u0648\u0633\u062a\u0627\u062a \u0639\u0627\u0644\u064a \u0627\u0644\u062f\u0642\u0629 \u062d\u062a\u0649 75 \u062f\u0631\u062c\u0629 \u0645\u0626\u0648\u064a\u0629<\/strong> \u0645\u0639 \u062d\u0645\u0627\u064a\u0629 \u0645\u0646 \u0627\u0644\u062d\u0631\u0627\u0631\u0629 \u0627\u0644\u0632\u0627\u0626\u062f\u0629.<\/p><\/li><li data-start=\"1191\" data-end=\"1276\"><p data-start=\"1193\" data-end=\"1276\"><strong data-start=\"1193\" data-end=\"1225\">\u0646\u0638\u0627\u0645 \u0623\u0645\u0627\u0646 \u0634\u0627\u0645\u0644:<\/strong> \u0642\u0637\u0639 \u062d\u0631\u0627\u0631\u064a \u062a\u0644\u0642\u0627\u0626\u064a + \u062d\u0645\u0627\u064a\u0629 \u0645\u0646 \u0627\u0644\u062a\u0623\u0631\u064a\u0636.<\/p><\/li><li data-start=\"1277\" data-end=\"1329\"><p data-start=\"1279\" data-end=\"1329\"><strong data-start=\"1279\" data-end=\"1304\">\u062f\u0631\u062c\u0629 IPX4 \u0627\u0644\u0645\u0642\u0627\u0648\u0645\u0629 \u0644\u0644\u0645\u0627\u0621<\/strong> \u0644\u0645\u0642\u0627\u0648\u0645\u0629 \u0627\u0644\u0631\u0630\u0627\u0630.<\/p><\/li><li data-start=\"1330\" data-end=\"1396\"><p data-start=\"1332\" data-end=\"1396\"><strong data-start=\"1332\" data-end=\"1368\">\u062a\u0635\u0645\u064a\u0645 \u062f\u0627\u0626\u0631\u064a \u0639\u0645\u0648\u062f\u064a \u0645\u062f\u0645\u062c<\/strong> \u0645\u062b\u0627\u0644\u064a\u0629 \u0644\u0644\u0645\u0633\u0627\u062d\u0627\u062a \u0627\u0644\u0645\u062d\u062f\u0648\u062f\u0629.<\/p><\/li><\/ul><h4 data-start=\"1398\" data-end=\"1425\"><strong data-start=\"1402\" data-end=\"1423\">\u0627\u0644\u062a\u0641\u0627\u0635\u064a\u0644 \u0627\u0644\u0641\u0646\u064a\u0629:<\/strong><\/h4><ul data-start=\"1426\" data-end=\"1699\"><li data-start=\"1426\" data-end=\"1474\"><p data-start=\"1428\" data-end=\"1474\"><strong data-start=\"1428\" data-end=\"1449\">\u062e\u064a\u0627\u0631\u0627\u062a \u0627\u0644\u0633\u0639\u0629:<\/strong> 8 \u0644\u062a\u0631\u060c 10 \u0644\u062a\u0631\u060c 15 \u0644\u062a\u0631\u060c 20 \u0644\u062a\u0631\u060c 25 \u0644\u062a\u0631<\/p><\/li><li data-start=\"1475\" data-end=\"1503\"><p data-start=\"1477\" data-end=\"1503\"><strong data-start=\"1477\" data-end=\"1495\">\u0637\u0627\u0642\u0629 \u0627\u0644\u062a\u062f\u0641\u0626\u0629:<\/strong> 1200W<\/p><\/li><li data-start=\"1504\" data-end=\"1529\"><p data-start=\"1506\" data-end=\"1529\"><strong data-start=\"1506\" data-end=\"1518\">\u0627\u0644\u0641\u0648\u0644\u062a\u064a\u0629:<\/strong> 220-240V<\/p><\/li><li data-start=\"1530\" data-end=\"1558\"><p data-start=\"1532\" data-end=\"1558\"><strong data-start=\"1532\" data-end=\"1546\">\u0627\u0644\u062a\u0631\u062f\u062f:<\/strong> 50 \u0647\u0631\u062a\u0632\/60 \u0647\u0631\u062a\u0632<\/p><\/li><li data-start=\"1559\" data-end=\"1594\"><p data-start=\"1561\" data-end=\"1594\"><strong data-start=\"1561\" data-end=\"1584\">\u0636\u063a\u0637 \u0627\u0644\u062a\u0634\u063a\u064a\u0644:<\/strong> 0.7 \u0645\u064a\u062c\u0627 \u0628\u0627\u0633\u0643\u0627\u0644<\/p><\/li><li data-start=\"1595\" data-end=\"1629\"><p data-start=\"1597\" data-end=\"1629\"><strong data-start=\"1597\" data-end=\"1619\">\u0646\u0637\u0627\u0642 \u062f\u0631\u062c\u0629 \u0627\u0644\u062d\u0631\u0627\u0631\u0629:<\/strong> 30-75\u00b0C<\/p><\/li><li data-start=\"1630\" data-end=\"1699\"><p data-start=\"1632\" data-end=\"1699\"><strong data-start=\"1632\" data-end=\"1654\">\u0623\u0628\u0639\u0627\u062f \u0645\u062f\u0645\u062c\u0629<\/strong> \u0645\u0646\u0627\u0633\u0628\u0629 \u0644\u0644\u062a\u0631\u0643\u064a\u0628\u0627\u062a \u0627\u0644\u0645\u0646\u0632\u0644\u064a\u0629 \u0627\u0644\u0635\u063a\u064a\u0631\u0629<\/p><\/li><\/ul><h4 data-start=\"1701\" data-end=\"1729\"><strong data-start=\"1705\" data-end=\"1727\">\u0627\u0644\u062a\u0637\u0628\u064a\u0642\u0627\u062a \u0627\u0644\u0645\u062b\u0627\u0644\u064a\u0629:<\/strong><\/h4><ul data-start=\"1730\" data-end=\"1848\"><li data-start=\"1730\" data-end=\"1756\"><p data-start=\"1732\" data-end=\"1756\">\u0627\u0644\u0645\u0637\u0627\u0628\u062e \u0648\u0627\u0644\u062d\u0645\u0627\u0645\u0627\u062a<\/p><\/li><li data-start=\"1757\" data-end=\"1777\"><p data-start=\"1759\" data-end=\"1777\">\u0634\u0642\u0642 \u0635\u063a\u064a\u0631\u0629<\/p><\/li><li data-start=\"1778\" data-end=\"1807\"><p data-start=\"1780\" data-end=\"1807\">\u0627\u0644\u0635\u0627\u0644\u0648\u0646\u0627\u062a \u0648\u0645\u0631\u0627\u0643\u0632 \u0627\u0644\u062a\u062c\u0645\u064a\u0644<\/p><\/li><li data-start=\"1808\" data-end=\"1848\"><p data-start=\"1810\" data-end=\"1848\">\u0627\u0644\u0645\u0643\u0627\u062a\u0628 \u0648\u0645\u0631\u0627\u0641\u0642 \u0627\u0644\u062e\u062f\u0645\u0627\u062a \u0627\u0644\u0635\u063a\u064a\u0631\u0629<\/p><\/li><\/ul>\n\t\t\t\t\t<\/div>\n\t\t\t\t\t\t<\/div>\n\t\t\t\t<\/div>\n\t\t\t\t<\/div>\n\t\t<div class=\"elementor-element elementor-element-ce7734e e-con-full e-flex e-con e-child\" data-id=\"ce7734e\" data-element_type=\"container\">\n\t\t\t\t<div class=\"elementor-element elementor-element-3045f04 elementor-widget elementor-widget-wd_image_or_svg\" data-id=\"3045f04\" data-element_type=\"widget\" data-widget_type=\"wd_image_or_svg.default\">\n\t\t\t\t<div class=\"elementor-widget-container\">\n\t\t\t\t\t\n\t\t<div class=\"wd-image text-center photoswipe-images\">\n\t\t\t\t\t\t\t<a  href=\"https:\/\/eauchauffage.com\/wp-content\/uploads\/2025\/09\/ES1-1.jpg\"data-width=\"594\" data-height=\"774\" data-elementor-open-lightbox=\"no\" aria-label=\"Image link\">\n\t\t\t\t\t\t\t\t<img fetchpriority=\"high\" decoding=\"async\" width=\"594\" height=\"774\" src=\"https:\/\/eauchauffage.com\/wp-content\/uploads\/2025\/09\/ES1-1.jpg\" class=\"attachment-full size-full\" alt=\"\" srcset=\"https:\/\/eauchauffage.com\/wp-content\/uploads\/2025\/09\/ES1-1.jpg 594w, https:\/\/eauchauffage.com\/wp-content\/uploads\/2025\/09\/ES1-1-230x300.jpg 230w, https:\/\/eauchauffage.com\/wp-content\/uploads\/2025\/09\/ES1-1-150x195.jpg 150w\" sizes=\"(max-width: 594px) 100vw, 594px\" \/>\t\t\t\t\t\t\t<\/a>\n\t\t\t\t\t<\/div>\n\n\t\t\t\t\t\t<\/div>\n\t\t\t\t<\/div>\n\t\t\t\t<\/div>\n\t\t\t\t\t<\/div>\n\t\t\t\t<\/div>\n\t\t\t\t<\/div>","protected":false},"excerpt":{"rendered":"<h4 data-start=\"509\" data-end=\"552\">\u0633\u062e\u0627\u0646 \u0627\u0644\u0645\u064a\u0627\u0647 \u0627\u0644\u0643\u0647\u0631\u0628\u0627\u0626\u064a ES1 \u00c9coS\u00e9r\u00e9r\u00e9nit\u00e9 ES1<\/h4>\n<ul data-start=\"141\" data-end=\"454\">\n<li data-start=\"141\" data-end=\"194\">\n<p data-start=\"143\" data-end=\"194\">\u0633\u062e\u0627\u0646 \u0645\u064a\u0627\u0647 \u0645\u062f\u0645\u062c \u0645\u0639 <strong data-start=\"169\" data-end=\"181\">8 \u0644\u062a\u0631 - 25 \u0644\u062a\u0631<\/strong> \u0627\u0644\u0642\u062f\u0631\u0627\u062a<\/p>\n<\/li>\n<li data-start=\"195\" data-end=\"238\">\n<p data-start=\"197\" data-end=\"238\">\u062a\u0633\u062e\u064a\u0646 \u0633\u0631\u064a\u0639 \u0628\u0643\u0641\u0627\u0621\u0629 \u062a\u0635\u0644 \u0625\u0644\u0649 75 \u062f\u0631\u062c\u0629 \u0645\u0626\u0648\u064a\u0629<\/p>\n<\/li>\n<li data-start=\"239\" data-end=\"292\">\n<p data-start=\"241\" data-end=\"292\">\u062e\u0632\u0627\u0646 \u062f\u0627\u062e\u0644\u064a \u0645\u0637\u0644\u064a \u0628\u0627\u0644\u0645\u064a\u0646\u0627 \u0644\u0644\u0646\u0638\u0627\u0641\u0629 \u0648\u0627\u0644\u0645\u062a\u0627\u0646\u0629<\/p>\n<\/li>\n<li data-start=\"293\" data-end=\"334\">\n<p data-start=\"295\" data-end=\"334\">\u064a\u062d\u0627\u0641\u0638 \u0639\u0627\u0632\u0644 PUF \u0639\u0644\u0649 \u0627\u0644\u0645\u064a\u0627\u0647 \u0633\u0627\u062e\u0646\u0629 \u0644\u0641\u062a\u0631\u0629 \u0623\u0637\u0648\u0644<\/p>\n<\/li>\n<li data-start=\"335\" data-end=\"403\">\n<p data-start=\"337\" data-end=\"403\">\u0646\u0638\u0627\u0645 \u0627\u0644\u0633\u0644\u0627\u0645\u0629: \u062a\u0631\u0645\u0648\u0633\u062a\u0627\u062a + \u0642\u0627\u0637\u0639 \u062d\u0631\u0627\u0631\u064a + \u062d\u0645\u0627\u064a\u0629 \u0645\u0646 \u0627\u0644\u062a\u0633\u0631\u0628<\/p>\n<\/li>\n<li data-start=\"404\" data-end=\"454\">\n<p data-start=\"406\" data-end=\"454\">\u062a\u0635\u0645\u064a\u0645 \u062f\u0627\u0626\u0631\u064a \u0639\u0645\u0648\u062f\u064a \u0644\u0633\u0647\u0648\u0644\u0629 \u0627\u0644\u062a\u0631\u0643\u064a\u0628<\/p>\n<\/li>\n<\/ul>\n<p data-start=\"456\" data-end=\"524\"><strong data-start=\"456\" data-end=\"522\">\u0645\u062b\u0627\u0644\u064a\u0629 \u0644\u0644\u0645\u0637\u0627\u0628\u062e \u0648\u0627\u0644\u062d\u0645\u0627\u0645\u0627\u062a \u0648\u0627\u0644\u0635\u0627\u0644\u0648\u0646\u0627\u062a \u0648\u0627\u0644\u0645\u0631\u0627\u0641\u0642 \u0627\u0644\u0635\u063a\u064a\u0631\u0629.<\/strong><\/p>","protected":false},"featured_media":11540,"comment_status":"open","ping_status":"closed","template":"","meta":[],"product_brand":[],"product_cat":[236,210],"product_tag":[],"class_list":{"0":"post-11539","1":"product","2":"type-product","3":"status-publish","4":"has-post-thumbnail","6":"product_cat-ecoserenite","7":"product_cat-residential","9":"first","10":"instock","11":"shipping-taxable","12":"product-type-simple"},"_links":{"self":[{"href":"https:\/\/eauchauffage.com\/ar\/wp-json\/wp\/v2\/product\/11539","targetHints":{"allow":["GET"]}}],"collection":[{"href":"https:\/\/eauchauffage.com\/ar\/wp-json\/wp\/v2\/product"}],"about":[{"href":"https:\/\/eauchauffage.com\/ar\/wp-json\/wp\/v2\/types\/product"}],"replies":[{"embeddable":true,"href":"https:\/\/eauchauffage.com\/ar\/wp-json\/wp\/v2\/comments?post=11539"}],"version-history":[{"count":5,"href":"https:\/\/eauchauffage.com\/ar\/wp-json\/wp\/v2\/product\/11539\/revisions"}],"predecessor-version":[{"id":12076,"href":"https:\/\/eauchauffage.com\/ar\/wp-json\/wp\/v2\/product\/11539\/revisions\/12076"}],"wp:featuredmedia":[{"embeddable":true,"href":"https:\/\/eauchauffage.com\/ar\/wp-json\/wp\/v2\/media\/11540"}],"wp:attachment":[{"href":"https:\/\/eauchauffage.com\/ar\/wp-json\/wp\/v2\/media?parent=11539"}],"wp:term":[{"taxonomy":"product_brand","embeddable":true,"href":"https:\/\/eauchauffage.com\/ar\/wp-json\/wp\/v2\/product_brand?post=11539"},{"taxonomy":"product_cat","embeddable":true,"href":"https:\/\/eauchauffage.com\/ar\/wp-json\/wp\/v2\/product_cat?post=11539"},{"taxonomy":"product_tag","embeddable":true,"href":"https:\/\/eauchauffage.com\/ar\/wp-json\/wp\/v2\/product_tag?post=11539"}],"curies":[{"name":"wp","href":"https:\/\/api.w.org\/{rel}","templated":true}]}}